{"id":1201,"date":"2016-08-16T11:03:38","date_gmt":"2016-08-16T10:03:38","guid":{"rendered":"https:\/\/abdijnazareth.be\/?page_id=1201"},"modified":"2016-08-18T21:36:44","modified_gmt":"2016-08-18T20:36:44","slug":"cisterzienzers-vandaag","status":"publish","type":"page","link":"https:\/\/www.abdijnazareth.be\/index.php\/cisterzienzers-vandaag\/","title":{"rendered":"Cisterzi\u00ebnzers vandaag"},"content":{"rendered":"<blockquote>\n<p style=\"text-align: center;\">&#8220;Doorgang naar het derde millennium.&#8221;<\/p>\n<p style=\"text-align: center;\">door zuster Jozefa Van Doren, ocso<\/p>\n<\/blockquote>\n<p><em>Toen ik in 1952 intrad in de twee jaar tevoren gestichte &#8220;Abdij O.L.V. van Nazareth&#8221; te Brecht, vond ik een gemeenschap die leefde volgens vastgelegde structuren en tot in details geregelde gebruiken, &#8220;gedragscodes&#8221; voor alle aspecten van het dagelijks leven. De eerste periode van de Orde was die van de observante monnik, die gedreven door innerlijke bezieling van een geest van boetvaardigheid, de 798 punten van de &#8220;US&#8221; (het Reglementenboek) en de Regel van Sint-Benedictus met de Constituties nauwgezet onderhield. Het Generaal Kapittel van de abten kwam jaarlijks bijeen in C\u00eeteaux om over de onderhouding van deze observanties te waken. Hun beslissingen deelden zij mee aan de monialen die aan hun zorgen waren toevertrouwd.<\/em><\/p>\n<h3 align=\"left\"><span style=\"font-size: small;\">DE OBSERVANTE MONNIK<\/span><\/h3>\n<p><i>&#8220;Beetje bij beetje, werd de gestrengheid van La Trappe en vooral van Valsainte, wat minder en tot haar juiste proportie teruggebracht. Dankzij het opnieuw ontdekken van de cisterci\u00ebnzerschrijvers van de twaalfde eeuw, werd de aandacht meer gevestigd op de Heilige Schrift en op het liturgisch en inwendig gebed.&#8221;<\/i>[Andr\u00e9 Louf,<span class=\"Apple-converted-space\">\u00a0<\/span><i>La voie cistercienne<\/i>, blz. 38]<\/p>\n<h4 align=\"left\"><span style=\"font-size: small;\">DE OVERGANG<\/span><\/h4>\n<p>Toch waren er reeds schuchtere tekenen van vernieuwing te bespeuren: de publicatie in 1950 van het pauselijk document &#8220;Sponsa Christi&#8221;, dat de monialen o.a. verplichtte door degelijke arbeid te voorzien in hun levensonderhoud.<\/p>\n<p>In 1959 roept de toenmalige Generale abt dom Gabri\u00ebl Sortais, voor het eerst sinds de oprichting van de Orde in 1892, de abdissen samen voor een Algemene Vergadering in C\u00eeteaux. In 1971 werden deze samenkomsten weer Generaal Kapittel genoemd en werden de abdissen betrokken in het bestuur van de Orde.<\/p>\n<p>Nog steeds bestonden de communiteiten uit lekenbroeders of lekenzusters en koristen. Ook de communiteit van Nazareth. Gedurende heel de twintigste eeuw werd de tendens om dit verschil weg te nemen steeds sterker. Het Tweede Vaticaans Concilie gaf de doorslag. Het Generaal Kapittel van mei 1965 vraagt en verkrijgt nog hetzelfde jaar de goedkeuring van de Heilige Stoel voor de eenmaking van de communiteiten.<\/p>\n<p>In 1966 gebeurt de eenmaking van de communiteit in Nazareth: elke lekenzuster mag het &#8216;Decreet van Eenmaking&#8217; ondertekenen. In verschillende abdijen zetten lang niet alle conversen deze stap, wat in de komende jaren de werkelijke eenheid in de gemeenschappen bemoeilijkte.<\/p>\n<p>In de vijftigerjaren gebeurden ook de eerste vernieuwingen in de liturgie: het officie van O.L.Vrouw, \u2018De Beata&#8217;, moest niet meer gebeden worden op feesten van Maria; later werd het vervangen door een antifoon ter gedachtenis van Maria in elk officie. Het officie van de overledenen, \u2018De defunctis&#8217;, op elke feria dag, werd vervangen door \u00e9\u00e9n per maand. De publicatie van de Constitutie van de Liturgie 1963 bracht een diepgaande verandering teweeg. In 1965 staat het Generaal Kapittel het gebruik van levende talen toe in de liturgie. In de Nederlandse regio wordt dadelijk van wal gestoken met het oprichten van een vertaalcommissie. In 1967 groeit hieruit de IWVL (Intermonasteri\u00eble Werkgroep voor Liturgie), die heel onze monastieke liturgie zal herwerken tot een harmonisch Nederlands koorgebed dat eenvoudiger was en de meesten meer aansprak. Maar Rome vertrouwde die allereerste experimenten niet erg. Zo kregen we nog in 1965 de secretaris van de postconciliaire Raad voor Liturgie te Rome, Mgr. Bugnini, op bezoek in onze abdij. Hij vertrok echter gerustgesteld!<\/p>\n<p>Op 25 februari 1966 zongen we in Nazareth ons eerste officie in het Nederlands: de Completen; voor velen een vreugdevolle beleving omdat zo het innerlijk gebed rechtstreekser gevoed werd, voor anderen daarentegen een offer van het vertrouwde dierbaar Latijn en gregoriaans.<\/p>\n<h4 align=\"left\"><span style=\"font-size: small;\">EXPERIMENTEN<\/span><\/h4>\n<p>Het Generaal Kapittel van 1969 was beslissend voor de toekomst. Men voelde er werkelijk de aanwezigheid en de werking van de Heilige Geest. Naast een verklaring over de essentie van ons contemplatief cisterci\u00ebnzer leven legde het normen vast waarbinnen elke gemeenschap haar eigen leven kon structureren: het &#8216;Statuut van Eenheid en Pluriformiteit&#8217; (SUP). Ook in onze gemeenschap kwamen we in gesprek wat voerde tot ingrijpende veranderingen in 1968\/69:<\/p>\n<ul>\n<li>de tekentaal werd vervangen door het gesproken woord, wat een persoonlijk verantwoord gebruik van het woord vroeg binnen overeengekomen afspraken;<\/li>\n<li>de slaapzaal werd omgebouwd tot monastieke cellen;<\/li>\n<li>het slot: we zouden onze families ontvangen zonder afscheiding door tralies.<\/li>\n<\/ul>\n<p>De jaren daaropvolgend werden een lange periode van tastend zoeken naar aanpassing en vernieuwing. En we mogen er niet aan twijfelen dat dezelfde Geest de Orde heeft bijgestaan in die jaren om te groeien naar een nieuwe versie van onze Constituties zoals het Vaticaans Concilie dat aan alle Ordes en Congregaties vroeg. Deze tekst werd na veel studie, overleg en bewerkingen door de Generale Kapittels van de jaren 1984 en 1985 goedgekeurd. Vijftien jaren waren nodig geweest om tot dit resultaat te komen. In 1990 werd de tekst bij decreet door Rome goedgekeurd:<\/p>\n<p><i>&#8220;Moge deze tekst zich een werkzaam instrument betonen waarvan de Orde zich kan bedienen om te groeien in trouw aan haar charisma, volgens de geest van het Tweede Vaticaans Concilie, en beter in staat te zijn haar eigen taak in Kerk en wereld te vervullen&#8221;<\/i>. [Constituties, Inleiding, 4]<\/p>\n<h4 align=\"left\"><span style=\"font-size: small;\">EEN WERELDORDE<\/span><\/h4>\n<p>Alhoewel er reeds in de negentiende eeuw stichtingen gebeurden buiten Europa en Noord-Amerika (Afrika, o.a. door de abdij Westmalle, China) komt de grote uitbreiding eerst op gang tegen het einde van de vijftiger jaren onder impuls van dezelfde generale abt. In de jaren na de Tweede Wereldoorlog verspreidt de Orde zich in Australi\u00eb, Japan, Indonesi\u00eb, Zuid-Amerika. Dit verplichtte het Generaal Kapittel, reeds v\u00f3\u00f3r het Vaticaans Concilie, tot de aanpassing van het monastiek leven met zijn \u00e9\u00e9nvormige structuren aan verschillende culturen. Op deze wijze vond de Orde zich goed voorbereid om de dubbele taak op zich te nemen die het Tweede Vaticaans Concilie aan alle kloosters oplegde: terugkeer naar de bronnen, naar de geest van de stichters en de concretisering daarvan aan te passen aan de eisen van de tijd.<\/p>\n<p>De stichting van onze abdij in 1950 gebeurde nog op de vanouds voorgeschreven wijze: twaalf monialen van de abdij O.L.Vrouw van Soleilmont (Charleroi) met de overste, kwamen naar de Brechtse heide waar de in aanbouw zijnde abdij in zoverre klaar was dat de zusters er het streng pauselijk slot konden bewaren en het koorgebed volbrengen. Intussen werd verder gebouwd onder de kundige leiding van de abt van de abdij van Westmalle en met hulp van de broeders. De communiteit groeide snel aan: in 1962 telde ze reeds 61 leden. Het aanbod aan de Orde van een domein in Californi\u00eb leek een indicatie van de Geest om daar een stichting te ondernemen. Ze gebeurde ook nog op de traditionele manier.<\/p>\n<p>Toen in 1970 een groepje van zeven zusters in Limburg het cisterci\u00ebnzerleven begon, was dit een opzet in de geest van de tijd: een kleine groep in een kleine behuizing; eenvoudig koorgebed en vereenvoudigde kleding. Dit alles om de zusterlijke verbondenheid en het beschouwend karakter meer kans te geven.<\/p>\n<p>In de loop der daaropvolgende jaren valt deze kleinschaligheid van de projecten op. De meeste ontstaan in de ontwikkelingslanden door autochtone kernen die om vorming vragen in een abdij, meestal in Europa. Na hun professie keren ze naar hun land van oorsprong terug om daar het cisterci\u00ebnzerleven in te planten.<\/p>\n<p>Is het niet betekenisvol dat de abten en abdissen kapitulanten in 1990 de abt van een Argentijnse abdij, Dom Bernardo Olivera, hebben gekozen om generaal abt van de Orde te worden? Met 93 monniken- en 65 monialenabdijen, is de Orde heden verspreid over alle werelddelen. Uit de jonge stichtingen in Derde Wereldlanden &#8211; en ze blijven toenemen &#8211; stroomt een sterke, frisse bezieling door de Orde.<\/p>\n<h4 align=\"left\"><span style=\"font-size: small;\">TOEKOMSTDROMEN<\/span><\/h4>\n<p>En de evolutie binnen de Orde gaat verder. In een merkwaardige conferentie tijdens het Generaal Kapittel (1996) legde Dom Bernardo de vraag voor: &#8220;Wat zijn mijn vurige verlangens, waarvan droom ik, wanneer ik mijn creatieve verbeelding de vrije loop laat in verband met de Orde aan het begin van het volgend millennium, bij de viering van haar negende eeuwfeest?&#8221;<\/p>\n<p>De belangrijkste gedachte van Vader Generaal is wel de werkelijke eenheid van de grote cisterci\u00ebnzerfamilie: monniken en monialen van de Gewone Observantie en van de Strikte. Met het oog op de viering van het negende eeuwfeest van C\u00eeteaux, in de moederabdij van de Orde wordt gewerkt aan een gemeenschappelijke &#8220;Carta Unanimitatis in Diversitate&#8221; (Charter van eenheid in verscheidenheid). Hierin verklaren we:<\/p>\n<p>&#8220;Op dit moment van dankzegging, zijn wij, leden van de cisterci\u00ebnzerfamilie, \u00e9\u00e9n in onze wil om wederzijds dichter naar elkaar toe te komen. De genade zonder voorgaande van deze viering geeft ons de hoop en de beslistheid datgene samen te doen wat er samen gedaan kan worden, verenigd te zijn in gebed en elkaar wederzijds te steunen in de rijke uitdrukking van het \u00e9ne cisterci\u00ebnzercharisma in al zijn verscheidenheid.&#8221;<\/p>\n<p>Reeds sinds 1968 groeide er tussen Nazareth en de cisterci\u00ebnzerinnen van de abdij Mari\u00ebnlof, Coolen\/Kerniel van de Gewone Observantie, een zusterlijke vriendschapsband van wederzijdse hulp.<\/p>\n<p>Een gedurfde gedachte is de integratie tussen monniken en monialen: een abdis zou bijvoorbeeld mater immediata kunnen zijn van haar eigen stichtingen en van de monniken; of visitatrix voor de monialen en voor de monniken; onderling afhankelijke permanente raden voor de Generale Abt (Dit is in gewijzigde vorm reeds verwezenlijkt door de aanwezigheid van twee monialen in het generalaat te Rome, een Japanse en een Vlaamse, die de vergaderingen van de permanente raad van de Generale Abt bijwonen); een Vader Generaal of een Moeder Generaal; monialen die retraites geven, enz.<\/p>\n<p>Een laatste gedachte betreft de charismatische associaties van leken, die op een of andere manier verlangen ons cisterci\u00ebnzercharisma te delen. We kennen in de Orde reeds inwonende oblaten die zonder geloften, lid zijn van de gemeenschap. Nu bestaan er ook diverse groepen van leken die op verschillende niveaus geassocieerd zijn met \u00e9\u00e9n of andere abdij van de Orde: de abdij van C\u00eeteaux, abdijen in de Verenigde Staten en in Argentini\u00eb.<\/p>\n<p>&#8220;Dit feit mag begrepen worden als een teken dat de Geest eveneens verlangt dat wij het cisterci\u00ebnzercharisma met hen delen, zodat het ook een seculiere vorm ontvangt in onze huidige geschiedenis&#8221;.<\/p>\n<h4 align=\"left\"><span style=\"font-size: small;\">EN NU ?<\/span><\/h4>\n<p>Dan rest ons een laatste vraag: Waartoe monnik-zijn in onze tijd? Voelen jongeren zich nu nog aangesproken om ons leven te delen?<\/p>\n<p>Wat is een monnik? Wat is een moniale? Is het niet een geroepene die ontvankelijk is voor de Liefde die God de mens toont in Christus en die daarop antwoordt door Hem Vader te noemen en Hem te loven in een broedergemeenschap van delen en dienen. De cisterci\u00ebnzermonnik wijdt daaraan zijn leven, en trekt zich daarvoor terug in eenzaamheid en stilte.<br \/>\n&#8220;Gescheiden van allen, doch met allen verbonden&#8221; zegde Evagrius, een woestijnmonnik, reeds in de vijfde eeuw.<span class=\"Apple-converted-space\">\u00a0<\/span><br \/>\nDit leven wil hij gastvrij delen met wie in nood is, met wie verlangt te bidden, met wie God zoekt. Zo probeert hij iets van Gods aanwezigheid in deze wereld te doen oplichten voor de mens van de eenentwintigste eeuw, ook voor de jongeren van het derde millennium.<\/p>\n<p>Zullen ze komen? Dit is het geheim van de koning. Geen enkele gemeenschap draagt de belofte van onsterfelijkheid. Het Clairvaux van Sint-Bernardus is omgevormd tot gevangenis! Grote abdijen waar ontelbare gelukzaligen uit voortkwamen werden ru\u00efnes, zoals Villers, Ter Duinen in Koksijde. Onze abdij zelf is de voortzetting in Brecht van de dertiende-eeuwse abdij Nazareth te Lier, waar de zalige Beatrijs leefde. Maar het monastiek leven bleef en het is mijn gelovige overtuiging dat het, voortdurend door de Geest vernieuwd en verjongd, zal blijven leven in de Kerk.<\/p>\n<h4 align=\"left\"><span style=\"font-size: small;\">DE HUIDIGE SITUATIE IN BELGI\u00cb<\/span><\/h4>\n<p>Vanaf de 17e eeuw ontstonden er in de Orde van C\u00eeteaux veel splintercongregaties, waarvan velen het gezag van C\u00eeteaux niet meer aanvaardden.<\/p>\n<p>In 1892 werden op vraag van Paus Leo XIII twee cisterci\u00ebnzercongregaties erkend :<\/p>\n<ul>\n<li>Cisterci\u00ebnzers van de Gewone Observantie, waarvan in Belgi\u00eb twee mannenkloosters zijn, Bornem en Val-Dieu; en \u00e9\u00e9n vrouwenklooster, Coolen-Kerniel (bij Borgloon).<\/li>\n<li>Cisterci\u00ebnzers van de Strikte Observantie (trappisten en trappistinnen), waarvan nog 6 vrouwenkloosters bestaan, Bouillon, Bocholt (priorij Klaarland), Brecht (O.L. Vrouw van Nazareth), Chimay, Fleurus en Tilff. Er zijn nog 6 mannenabdijen, Achel, Orval, Rochefort, Scourmont, Westmalle en Westvleteren.<\/li>\n<\/ul>\n<p>Er zijn cisterci\u00ebnzerinnen die een autonome congregatie geworden zijn :<\/p>\n<ul>\n<li>Congregatie van de Bijloke te Gent (4 kloosters)<\/li>\n<li>Dames Bernardinnen van Oudenaarde (7 kloosters)<\/li>\n<li>Religieuses Bernardines d&#8217;Esquermes (2 kloosters)<\/li>\n<li>Bernardinessen-Reparatricen (2 kloosters)<\/li>\n<\/ul>\n","protected":false},"excerpt":{"rendered":"<p>&#8220;Doorgang naar het derde millennium.&#8221; door zuster Jozefa Van Doren, ocso Toen ik in 1952 intrad in de twee jaar tevoren gestichte &#8220;Abdij O.L.V. van Nazareth&#8221; te Brecht, vond ik een gemeenschap die leefde volgens vastgelegde structuren en tot in details geregelde gebruiken, &#8220;gedragscodes&#8221; voor alle aspecten van het dagelijks leven. De eerste periode van [&hellip;]<\/p>\n","protected":false},"author":3,"featured_media":1298,"parent":0,"menu_order":0,"comment_status":"closed","ping_status":"closed","template":"","meta":{"footnotes":""},"class_list":["post-1201","page","type-page","status-publish","has-post-thumbnail","hentry"],"_links":{"self":[{"href":"https:\/\/www.abdijnazareth.be\/index.php\/wp-json\/wp\/v2\/pages\/1201","targetHints":{"allow":["GET"]}}],"collection":[{"href":"https:\/\/www.abdijnazareth.be\/index.php\/wp-json\/wp\/v2\/pages"}],"about":[{"href":"https:\/\/www.abdijnazareth.be\/index.php\/wp-json\/wp\/v2\/types\/page"}],"author":[{"embeddable":true,"href":"https:\/\/www.abdijnazareth.be\/index.php\/wp-json\/wp\/v2\/users\/3"}],"replies":[{"embeddable":true,"href":"https:\/\/www.abdijnazareth.be\/index.php\/wp-json\/wp\/v2\/comments?post=1201"}],"version-history":[{"count":3,"href":"https:\/\/www.abdijnazareth.be\/index.php\/wp-json\/wp\/v2\/pages\/1201\/revisions"}],"predecessor-version":[{"id":1301,"href":"https:\/\/www.abdijnazareth.be\/index.php\/wp-json\/wp\/v2\/pages\/1201\/revisions\/1301"}],"wp:featuredmedia":[{"embeddable":true,"href":"https:\/\/www.abdijnazareth.be\/index.php\/wp-json\/wp\/v2\/media\/1298"}],"wp:attachment":[{"href":"https:\/\/www.abdijnazareth.be\/index.php\/wp-json\/wp\/v2\/media?parent=1201"}],"curies":[{"name":"wp","href":"https:\/\/api.w.org\/{rel}","templated":true}]}}